{"id":2118,"date":"2024-09-29T16:59:28","date_gmt":"2024-09-29T16:59:28","guid":{"rendered":"https:\/\/kybelewellbeing.com\/?page_id=2118"},"modified":"2024-09-30T11:24:03","modified_gmt":"2024-09-30T11:24:03","slug":"yapay-zeka-uygulamalari","status":"publish","type":"page","link":"https:\/\/kybelewellbeing.com\/en\/yapay-zeka-uygulamalari\/","title":{"rendered":"Artificial Intelligence Applications"},"content":{"rendered":"<div class=\"wp-block-uagb-container uagb-block-wchcpxok alignfull uagb-is-root-container\"><div class=\"uagb-container__shape uagb-container__shape-top\"><svg xmlns=\"https:\/\/www.w3.org\/2000\/svg\" viewbox=\"0 0 1000 100\" preserveaspectratio=\"none\"><path class=\"uagb-container__shape-fill\" d=\"M761.9,44.1L643.1,27.2L333.8,98L0,3.8V0l1000,0v3.9\"><\/path><\/svg><\/div><div class=\"uagb-container-inner-blocks-wrap\">\n<div class=\"wp-block-uagb-container uagb-block-a311a864 alignfull uagb-is-root-container\"><div class=\"uagb-container-inner-blocks-wrap\">\n<div class=\"wp-block-uagb-info-box uagb-block-nrzjsz1a uagb-infobox__content-wrap  uagb-infobox-icon-above-title uagb-infobox-image-valign-top\"><div class=\"uagb-ifb-content\"><div class=\"uagb-ifb-title-wrap\"><p class=\"uagb-ifb-title-prefix\"><strong>\u00c7ok Yak\u0131nda Sizlerle<\/strong><\/p><h1 class=\"uagb-ifb-title\"><strong>Yapay Zeka ile Gelece\u011fe Bir Ad\u0131m Daha Yak\u0131ns\u0131n\u0131z<\/strong><\/h1><\/div><p class=\"uagb-ifb-desc\">Kybelewellbeing olarak, yapay zeka ile g\u00fc\u00e7lendirilmi\u015f \u00e7\u00f6z\u00fcmlerimizi sizlerle bulu\u015fturmaya haz\u0131rlan\u0131yoruz. \u0130yilik hali ve i\u015f g\u00fcc\u00fc performans\u0131n\u0131 bir araya getiren en ileri teknoloji ile donat\u0131lm\u0131\u015f sistemimizi sunmak i\u00e7in son haz\u0131rl\u0131klar\u0131m\u0131z\u0131 yap\u0131yoruz. Az kald\u0131, yak\u0131nda geri gelece\u011fiz. Bekledi\u011finize de\u011fecek!<\/p><\/div><\/div>\n<\/div><\/div>\n<\/div><\/div>","protected":false},"excerpt":{"rendered":"","protected":false},"author":1,"featured_media":0,"parent":0,"menu_order":0,"comment_status":"closed","ping_status":"closed","template":"","meta":{"_coblocks_attr":"","_coblocks_dimensions":"","_coblocks_responsive_height":"","_coblocks_accordion_ie_support":"","_eb_attr":"","_uag_custom_page_level_css":"","site-sidebar-layout":"default","site-content-layout":"page-builder","ast-site-content-layout":"full-width-container","site-content-style":"unboxed","site-sidebar-style":"unboxed","ast-global-header-display":"","ast-banner-title-visibility":"","ast-main-header-display":"","ast-hfb-above-header-display":"","ast-hfb-below-header-display":"","ast-hfb-mobile-header-display":"","site-post-title":"disabled","ast-breadcrumbs-content":"","ast-featured-img":"","footer-sml-layout":"","ast-disable-related-posts":"","theme-transparent-header-meta":"enabled","adv-header-id-meta":"","stick-header-meta":"","header-above-stick-meta":"","header-main-stick-meta":"","header-below-stick-meta":"","astra-migrate-meta-layouts":"set","ast-page-background-enabled":"default","ast-page-background-meta":{"desktop":{"background-color":"var(--ast-global-color-4)","background-image":"","background-repeat":"repeat","background-position":"center center","background-size":"auto","background-attachment":"scroll","background-type":"","background-media":"","overlay-type":"","overlay-color":"","overlay-opacity":"","overlay-gradient":""},"tablet":{"background-color":"","background-image":"","background-repeat":"repeat","background-position":"center center","background-size":"auto","background-attachment":"scroll","background-type":"","background-media":"","overlay-type":"","overlay-color":"","overlay-opacity":"","overlay-gradient":""},"mobile":{"background-color":"","background-image":"","background-repeat":"repeat","background-position":"center center","background-size":"auto","background-attachment":"scroll","background-type":"","background-media":"","overlay-type":"","overlay-color":"","overlay-opacity":"","overlay-gradient":""}},"ast-content-background-meta":{"desktop":{"background-color":"var(--ast-global-color-5)","background-image":"","background-repeat":"repeat","background-position":"center center","background-size":"auto","background-attachment":"scroll","background-type":"","background-media":"","overlay-type":"","overlay-color":"","overlay-opacity":"","overlay-gradient":""},"tablet":{"background-color":"var(--ast-global-color-5)","background-image":"","background-repeat":"repeat","background-position":"center center","background-size":"auto","background-attachment":"scroll","background-type":"","background-media":"","overlay-type":"","overlay-color":"","overlay-opacity":"","overlay-gradient":""},"mobile":{"background-color":"var(--ast-global-color-5)","background-image":"","background-repeat":"repeat","background-position":"center center","background-size":"auto","background-attachment":"scroll","background-type":"","background-media":"","overlay-type":"","overlay-color":"","overlay-opacity":"","overlay-gradient":""}},"footnotes":""},"class_list":["post-2118","page","type-page","status-publish","hentry"],"yoast_head":"<!-- This site is optimized with the Yoast SEO plugin v27.5 - https:\/\/yoast.com\/product\/yoast-seo-wordpress\/ -->\n<title>Yapay Zeka Uygulamalar\u0131 - Kybelewellbeing App<\/title>\n<meta name=\"robots\" content=\"index, follow, max-snippet:-1, max-image-preview:large, max-video-preview:-1\" \/>\n<link rel=\"canonical\" href=\"https:\/\/kybelewellbeing.com\/en\/yapay-zeka-uygulamalari\/\" \/>\n<meta property=\"og:locale\" content=\"en_US\" \/>\n<meta property=\"og:type\" content=\"article\" \/>\n<meta property=\"og:title\" content=\"Yapay Zeka Uygulamalar\u0131 - Kybelewellbeing App\" \/>\n<meta property=\"og:url\" content=\"https:\/\/kybelewellbeing.com\/en\/yapay-zeka-uygulamalari\/\" \/>\n<meta property=\"og:site_name\" content=\"Kybelewellbeing App\" \/>\n<meta property=\"article:modified_time\" content=\"2024-09-30T11:24:03+00:00\" \/>\n<meta name=\"twitter:card\" content=\"summary_large_image\" \/>\n<meta name=\"twitter:label1\" content=\"Est. reading time\" \/>\n\t<meta name=\"twitter:data1\" content=\"1 minute\" \/>\n<script type=\"application\/ld+json\" class=\"yoast-schema-graph\">{\"@context\":\"https:\\\/\\\/schema.org\",\"@graph\":[{\"@type\":\"WebPage\",\"@id\":\"https:\\\/\\\/kybelewellbeing.com\\\/tr\\\/yapay-zeka-uygulamalari\\\/\",\"url\":\"https:\\\/\\\/kybelewellbeing.com\\\/tr\\\/yapay-zeka-uygulamalari\\\/\",\"name\":\"Yapay Zeka Uygulamalar\u0131 - Kybelewellbeing App\",\"isPartOf\":{\"@id\":\"https:\\\/\\\/kybelewellbeing.com\\\/#website\"},\"datePublished\":\"2024-09-29T16:59:28+00:00\",\"dateModified\":\"2024-09-30T11:24:03+00:00\",\"breadcrumb\":{\"@id\":\"https:\\\/\\\/kybelewellbeing.com\\\/tr\\\/yapay-zeka-uygulamalari\\\/#breadcrumb\"},\"inLanguage\":\"en-US\",\"potentialAction\":[{\"@type\":\"ReadAction\",\"target\":[\"https:\\\/\\\/kybelewellbeing.com\\\/tr\\\/yapay-zeka-uygulamalari\\\/\"]}]},{\"@type\":\"BreadcrumbList\",\"@id\":\"https:\\\/\\\/kybelewellbeing.com\\\/tr\\\/yapay-zeka-uygulamalari\\\/#breadcrumb\",\"itemListElement\":[{\"@type\":\"ListItem\",\"position\":1,\"name\":\"Home\",\"item\":\"https:\\\/\\\/kybelewellbeing.com\\\/\"},{\"@type\":\"ListItem\",\"position\":2,\"name\":\"Yapay Zeka Uygulamalar\u0131\"}]},{\"@type\":\"WebSite\",\"@id\":\"https:\\\/\\\/kybelewellbeing.com\\\/#website\",\"url\":\"https:\\\/\\\/kybelewellbeing.com\\\/\",\"name\":\"Kybelewellbeing App\",\"description\":\"\",\"potentialAction\":[{\"@type\":\"SearchAction\",\"target\":{\"@type\":\"EntryPoint\",\"urlTemplate\":\"https:\\\/\\\/kybelewellbeing.com\\\/?s={search_term_string}\"},\"query-input\":{\"@type\":\"PropertyValueSpecification\",\"valueRequired\":true,\"valueName\":\"search_term_string\"}}],\"inLanguage\":\"en-US\"}]}<\/script>\n<!-- \/ Yoast SEO plugin. -->","yoast_head_json":{"title":"Yapay Zeka Uygulamalar\u0131 - Kybelewellbeing App","robots":{"index":"index","follow":"follow","max-snippet":"max-snippet:-1","max-image-preview":"max-image-preview:large","max-video-preview":"max-video-preview:-1"},"canonical":"https:\/\/kybelewellbeing.com\/en\/yapay-zeka-uygulamalari\/","og_locale":"en_US","og_type":"article","og_title":"Yapay Zeka Uygulamalar\u0131 - Kybelewellbeing App","og_url":"https:\/\/kybelewellbeing.com\/en\/yapay-zeka-uygulamalari\/","og_site_name":"Kybelewellbeing App","article_modified_time":"2024-09-30T11:24:03+00:00","twitter_card":"summary_large_image","twitter_misc":{"Est. reading time":"1 minute"},"schema":{"@context":"https:\/\/schema.org","@graph":[{"@type":"WebPage","@id":"https:\/\/kybelewellbeing.com\/tr\/yapay-zeka-uygulamalari\/","url":"https:\/\/kybelewellbeing.com\/tr\/yapay-zeka-uygulamalari\/","name":"Yapay Zeka Uygulamalar\u0131 - Kybelewellbeing App","isPartOf":{"@id":"https:\/\/kybelewellbeing.com\/#website"},"datePublished":"2024-09-29T16:59:28+00:00","dateModified":"2024-09-30T11:24:03+00:00","breadcrumb":{"@id":"https:\/\/kybelewellbeing.com\/tr\/yapay-zeka-uygulamalari\/#breadcrumb"},"inLanguage":"en-US","potentialAction":[{"@type":"ReadAction","target":["https:\/\/kybelewellbeing.com\/tr\/yapay-zeka-uygulamalari\/"]}]},{"@type":"BreadcrumbList","@id":"https:\/\/kybelewellbeing.com\/tr\/yapay-zeka-uygulamalari\/#breadcrumb","itemListElement":[{"@type":"ListItem","position":1,"name":"Home","item":"https:\/\/kybelewellbeing.com\/"},{"@type":"ListItem","position":2,"name":"Yapay Zeka Uygulamalar\u0131"}]},{"@type":"WebSite","@id":"https:\/\/kybelewellbeing.com\/#website","url":"https:\/\/kybelewellbeing.com\/","name":"Kybelewellbeing App","description":"","potentialAction":[{"@type":"SearchAction","target":{"@type":"EntryPoint","urlTemplate":"https:\/\/kybelewellbeing.com\/?s={search_term_string}"},"query-input":{"@type":"PropertyValueSpecification","valueRequired":true,"valueName":"search_term_string"}}],"inLanguage":"en-US"}]}},"uagb_featured_image_src":{"full":false,"thumbnail":false,"medium":false,"medium_large":false,"large":false,"1536x1536":false,"2048x2048":false,"trp-custom-language-flag":false},"uagb_author_info":{"display_name":"kybelewellbeingmobilapp","author_link":"https:\/\/kybelewellbeing.com\/en\/author\/kybelewellbeingmobilapp\/"},"uagb_comment_info":0,"uagb_excerpt":null,"_links":{"self":[{"href":"https:\/\/kybelewellbeing.com\/en\/wp-json\/wp\/v2\/pages\/2118","targetHints":{"allow":["GET"]}}],"collection":[{"href":"https:\/\/kybelewellbeing.com\/en\/wp-json\/wp\/v2\/pages"}],"about":[{"href":"https:\/\/kybelewellbeing.com\/en\/wp-json\/wp\/v2\/types\/page"}],"author":[{"embeddable":true,"href":"https:\/\/kybelewellbeing.com\/en\/wp-json\/wp\/v2\/users\/1"}],"replies":[{"embeddable":true,"href":"https:\/\/kybelewellbeing.com\/en\/wp-json\/wp\/v2\/comments?post=2118"}],"version-history":[{"count":8,"href":"https:\/\/kybelewellbeing.com\/en\/wp-json\/wp\/v2\/pages\/2118\/revisions"}],"predecessor-version":[{"id":2142,"href":"https:\/\/kybelewellbeing.com\/en\/wp-json\/wp\/v2\/pages\/2118\/revisions\/2142"}],"wp:attachment":[{"href":"https:\/\/kybelewellbeing.com\/en\/wp-json\/wp\/v2\/media?parent=2118"}],"curies":[{"name":"wp","href":"https:\/\/api.w.org\/{rel}","templated":true}]}}