{"id":2625,"date":"2025-07-10T12:29:24","date_gmt":"2025-07-10T12:29:24","guid":{"rendered":"https:\/\/kybelewellbeing.com\/?page_id=2625"},"modified":"2025-07-10T12:29:25","modified_gmt":"2025-07-10T12:29:25","slug":"aydinlatma-metni","status":"publish","type":"page","link":"https:\/\/kybelewellbeing.com\/en\/aydinlatma-metni\/","title":{"rendered":"Ayd\u0131nlatma metni"},"content":{"rendered":"<p><strong>K\u0130\u015e\u0130SEL VER\u0130LER\u0130N \u0130\u015eLENMES\u0130NE \u0130L\u0130\u015eK\u0130N AYDINLATMA METN\u0130<\/strong><br><\/p>\n\n\n\n<p>\u00a0\u015eirket Unvan\u0131: Kybele Wellbeing Academy Ko\u00e7luk ve Kozmetik Sat\u0131\u015f Limited \u015eirketi<br>Vergi Numaras\u0131: 6070810538 \/ Maslak Vergi Dairesi<br>Adres: Maslak, Ahi Evran Cd. No:11, 34450 Sar\u0131yer\/\u0130stanbul<br>E-Posta: furkan@kybelewellbeingacademy.com.tr<br>Telefon: +90 212 400 11 60<br><br>Kybele Wellbeing Academy Ko\u00e7luk ve Kozmetik Sat\u0131\u015f Limited \u015eirketi (\u201cKybele Wellbeing Academy\u201d veya \u201c\u015eirket\u201d) olarak ki\u015fisel verilerin korunmas\u0131n\u0131 \u00f6nemsemekte ve veri sorumlusu s\u0131fat\u0131yla ki\u015fisel verileriniz bak\u0131m\u0131ndan ilgili mevzuatta \u00f6ng\u00f6r\u00fclm\u00fc\u015f gerekli g\u00fcvenlik \u00f6nlemlerini almaktay\u0131z. \u0130\u015fbu Ayd\u0131nlatma Metni ile 6698 say\u0131l\u0131 Ki\u015fisel Verilerin Korunmas\u0131 Kanunu (\u201cKanun\u201d) kapsam\u0131nda s\u00f6z konusu ki\u015filerin Kybele Wellbeing Academy taraf\u0131ndan ger\u00e7ekle\u015ftirilen ki\u015fisel veri i\u015fleme faaliyetleri hakk\u0131nda ayd\u0131nlat\u0131lmas\u0131 hedeflenmektedir.<br><br>1. Kullan\u0131c\u0131lara Ait Ki\u015fisel Verilerin \u0130\u015flenme Amac\u0131<br><br>Kullan\u0131c\u0131lara (Kybele Wellbeing App kullan\u0131c\u0131lar\u0131) ait ki\u015fisel veriler;<br><br>-Hukuka ve d\u00fcr\u00fcstl\u00fck kurallar\u0131na uygun olarak<br>-Do\u011fru ve g\u00fcncel olarak<br>-\u0130\u015flenme ama\u00e7lar\u0131 ile ba\u011flant\u0131l\u0131, s\u0131n\u0131rl\u0131 ve \u00f6l\u00e7\u00fcl\u00fc olarak<br>-Belirli, a\u00e7\u0131k ve me\u015fru ama\u00e7lar i\u00e7in i\u015flenmektedir.<br><br>Kybele Wellbeing Academy olarak Kullan\u0131c\u0131lara ait ki\u015fisel verileri Kanun\u2019un 5. ve 6. maddelerine uygun olarak a\u015fa\u011f\u0131daki ama\u00e7larla i\u015flemekteyiz:<br><br>i.Kybele Wellbeing Academy taraf\u0131ndan sunulan hizmetlerden ilgili ki\u015fileri faydaland\u0131rmak i\u00e7in gerekli \u00e7al\u0131\u015fmalar\u0131n i\u015f birimleri taraf\u0131ndan yap\u0131lmas\u0131 ve ilgili i\u015f s\u00fcre\u00e7lerinin y\u00fcr\u00fct\u00fclmesi,<br>ii.Kybele Wellbeing Academy taraf\u0131ndan y\u00fcr\u00fct\u00fclen ticari faaliyetlerin ger\u00e7ekle\u015ftirilmesi i\u00e7in ilgili i\u015f birimleri taraf\u0131ndan gerekli \u00e7al\u0131\u015fmalar\u0131n yap\u0131lmas\u0131 ve buna ba\u011fl\u0131 i\u015f s\u00fcre\u00e7lerinin y\u00fcr\u00fct\u00fclmesi,<br>iii.Kybele Wellbeing Academy\u2019nin ticari ve\/veya i\u015f stratejilerinin planlanmas\u0131 ve icras\u0131,<br>iv.Kybele Wellbeing Academy\u2019nin ve Kybele Wellbeing Academy ile i\u015f ili\u015fkisi i\u00e7erisinde olan ilgili ki\u015filerin hukuki, teknik ve ticari-i\u015f g\u00fcvenli\u011finin temini,<br><br>2. Kullan\u0131c\u0131lara Ait Ki\u015fisel Verilerin Aktar\u0131m\u0131<br><br>Kullan\u0131c\u0131lara ait ki\u015fisel veriler yukar\u0131da belirtilen ama\u00e7lar dahilinde, Kanun\u2019un 8. ve 9. maddelerine ve y\u00fcr\u00fcrl\u00fckte olan mevzuata uygun olarak \u015eirket yetkilileri, yurt i\u00e7inde veya yurt d\u0131\u015f\u0131nda mukim i\u015ftiraklerimiz, i\u015f ortaklar\u0131m\u0131z, temsilcilerimiz, tedarik\u00e7ilerimiz, hissedarlar\u0131m\u0131z, kanunen yetkili kamu kurum ve kurulu\u015flar\u0131 ile \u00f6zel kurumlar ile payla\u015f\u0131labilecektir.<br><br>3. Ki\u015fisel Verilerin Toplanma Y\u00f6ntemi ve Hukuki Sebebi<br><br>Kullan\u0131c\u0131lara ait ki\u015fisel veriler elektronik ortamda veya Kybele Wellbeing Academy\u2019 nin talebi halinde fiziksel olarak toplanmaktad\u0131r. Ki\u015fisel veriler, Kanun\u2019un 5. ve 6. Maddelerine uygun olarak i\u015fbu Ayd\u0131nlatma Metninde belirtilen ama\u00e7larla i\u015flenebilmekte ve aktar\u0131labilmektedir.<br><br>4. Ki\u015fisel Verilerinizin Saklanmas\u0131<br><br>R\u0131za s\u00fcresinin dolmas\u0131 veya sizin taraf\u0131n\u0131zdan r\u0131zan\u0131n iptal edilmesi durumunda temin edilen verileriniz onay\u0131n\u0131z al\u0131nmas\u0131 ko\u015fuluyla t\u00fczel ki\u015fi ve tacir m\u00fc\u015fterilerimize idari ve operasyonel s\u00fcre\u00e7lerine ili\u015fkin katma de\u011ferli hizmetler sunulabilmesi ve bireysel m\u00fc\u015fterilerimize nitelikli hizmetler sunulabilmesi ama\u00e7lar\u0131yla saklanmaya ve i\u015flenmeye devam edilecektir.<br><br>5. Ki\u015fisel Veri Sahibi Olarak Kullan\u0131c\u0131lar\u0131n Haklar\u0131<br><br>Kanun\u2019un 11. maddesi uyar\u0131nca veri sahibi olan Kullan\u0131c\u0131lar;<br><br>i.Kendileri ile ilgili ki\u015fisel veri i\u015flenip i\u015flenmedi\u011fini \u00f6\u011frenme,<br>ii.Ki\u015fisel verileri i\u015flenmi\u015fse buna ili\u015fkin bilgi talep etme,<br>iii.Ki\u015fisel verilerin i\u015flenme amac\u0131n\u0131 ve bunlar\u0131n amac\u0131na uygun kullan\u0131l\u0131p kullan\u0131lmad\u0131\u011f\u0131n\u0131 \u00f6\u011frenme,<br>iv.Yurt i\u00e7inde veya yurt d\u0131\u015f\u0131nda ki\u015fisel verilerin aktar\u0131ld\u0131\u011f\u0131 \u00fc\u00e7\u00fcnc\u00fc ki\u015fileri bilme,<br>v.Ki\u015fisel verilerin eksik veya yanl\u0131\u015f i\u015flenmi\u015f olmas\u0131 h\u00e2linde bunlar\u0131n d\u00fczeltilmesini isteme ve bu kapsamda yap\u0131lan i\u015flemin ki\u015fisel verilerin aktar\u0131ld\u0131\u011f\u0131 \u00fc\u00e7\u00fcnc\u00fc ki\u015filere bildirilmesini isteme,<br>vi.Kanun ve ilgili di\u011fer kanun h\u00fck\u00fcmlerine uygun olarak i\u015flenmi\u015f olmas\u0131na ra\u011fmen, i\u015flenmesini gerektiren sebeplerin ortadan kalkmas\u0131 h\u00e2linde ki\u015fisel verilerin silinmesini veya yok edilmesini isteme ve bu kapsamda yap\u0131lan i\u015flemin ki\u015fisel verilerin aktar\u0131ld\u0131\u011f\u0131 \u00fc\u00e7\u00fcnc\u00fc ki\u015filere bildirilmesini isteme,<br>vii.\u0130\u015flenen verilerin m\u00fcnhas\u0131ran otomatik sistemler vas\u0131tas\u0131yla analiz edilmesi suretiyle ki\u015finin kendisi aleyhine bir sonucun ortaya \u00e7\u0131kmas\u0131na itiraz etme<br>viii.Ki\u015fisel verilerin kanuna ayk\u0131r\u0131 olarak i\u015flenmesi sebebiyle zarara u\u011framas\u0131 h\u00e2linde zarar\u0131n giderilmesini talep etme haklar\u0131na sahiptir.<br><br>6. Talep ve Ba\u015fvurular\u0131n\u0131z<br><br>Yukar\u0131da belirtilen haklar\u0131n\u0131z\u0131 kullanmak i\u00e7in;<br><br>\u2022 \u201cMaslak, Ahi Evran Cd. No11, 34450 Sar\u0131yer\/\u0130stanbul\u201d adresine noter kanal\u0131yla,<br>\u2022 furkan@kybelewellbeingacademy.com.tr posta adresimize\u00a0 taleplerinizi iletebilirsiniz.<br><br>Kybele Wellbeing Academy, s\u00f6z konusu talepleri de\u011ferlendirerek 30 (otuz) g\u00fcn i\u00e7erisinde sonu\u00e7land\u0131racakt\u0131r. Kybele Wellbeing Academy\u2019 nin taleplere ili\u015fkin olarak Ki\u015fisel Verileri Koruma Kurulu taraf\u0131ndan belirlenen \u00fccret tarifesi \u00fczerinden makul bir \u00fccret talep etme hakk\u0131 sakl\u0131d\u0131r.<\/p>","protected":false},"excerpt":{"rendered":"<p>K\u0130\u015e\u0130SEL VER\u0130LER\u0130N \u0130\u015eLENMES\u0130NE \u0130L\u0130\u015eK\u0130N AYDINLATMA METN\u0130 \u00a0\u015eirket Unvan\u0131: Kybele Wellbeing Academy Ko\u00e7luk ve Kozmetik Sat\u0131\u015f Limited \u015eirketiVergi Numaras\u0131: 6070810538 \/ [&hellip;]<\/p>\n","protected":false},"author":1,"featured_media":0,"parent":0,"menu_order":0,"comment_status":"closed","ping_status":"closed","template":"","meta":{"_coblocks_attr":"","_coblocks_dimensions":"","_coblocks_responsive_height":"","_coblocks_accordion_ie_support":"","_eb_attr":"","_uag_custom_page_level_css":"","site-sidebar-layout":"default","site-content-layout":"","ast-site-content-layout":"default","site-content-style":"default","site-sidebar-style":"default","ast-global-header-display":"","ast-banner-title-visibility":"","ast-main-header-display":"","ast-hfb-above-header-display":"","ast-hfb-below-header-display":"","ast-hfb-mobile-header-display":"","site-post-title":"","ast-breadcrumbs-content":"","ast-featured-img":"","footer-sml-layout":"","ast-disable-related-posts":"","theme-transparent-header-meta":"","adv-header-id-meta":"","stick-header-meta":"","header-above-stick-meta":"","header-main-stick-meta":"","header-below-stick-meta":"","astra-migrate-meta-layouts":"set","ast-page-background-enabled":"default","ast-page-background-meta":{"desktop":{"background-color":"var(--ast-global-color-4)","background-image":"","background-repeat":"repeat","background-position":"center center","background-size":"auto","background-attachment":"scroll","background-type":"","background-media":"","overlay-type":"","overlay-color":"","overlay-opacity":"","overlay-gradient":""},"tablet":{"background-color":"","background-image":"","background-repeat":"repeat","background-position":"center center","background-size":"auto","background-attachment":"scroll","background-type":"","background-media":"","overlay-type":"","overlay-color":"","overlay-opacity":"","overlay-gradient":""},"mobile":{"background-color":"","background-image":"","background-repeat":"repeat","background-position":"center center","background-size":"auto","background-attachment":"scroll","background-type":"","background-media":"","overlay-type":"","overlay-color":"","overlay-opacity":"","overlay-gradient":""}},"ast-content-background-meta":{"desktop":{"background-color":"var(--ast-global-color-5)","background-image":"","background-repeat":"repeat","background-position":"center center","background-size":"auto","background-attachment":"scroll","background-type":"","background-media":"","overlay-type":"","overlay-color":"","overlay-opacity":"","overlay-gradient":""},"tablet":{"background-color":"var(--ast-global-color-5)","background-image":"","background-repeat":"repeat","background-position":"center center","background-size":"auto","background-attachment":"scroll","background-type":"","background-media":"","overlay-type":"","overlay-color":"","overlay-opacity":"","overlay-gradient":""},"mobile":{"background-color":"var(--ast-global-color-5)","background-image":"","background-repeat":"repeat","background-position":"center center","background-size":"auto","background-attachment":"scroll","background-type":"","background-media":"","overlay-type":"","overlay-color":"","overlay-opacity":"","overlay-gradient":""}},"footnotes":""},"class_list":["post-2625","page","type-page","status-publish","hentry"],"yoast_head":"<!-- This site is optimized with the Yoast SEO plugin v27.4 - https:\/\/yoast.com\/product\/yoast-seo-wordpress\/ -->\n<title>Ayd\u0131nlatma metni - Kybelewellbeing App<\/title>\n<meta name=\"robots\" content=\"index, follow, max-snippet:-1, max-image-preview:large, max-video-preview:-1\" \/>\n<link rel=\"canonical\" href=\"https:\/\/kybelewellbeing.com\/en\/aydinlatma-metni\/\" \/>\n<meta property=\"og:locale\" content=\"en_US\" \/>\n<meta property=\"og:type\" content=\"article\" \/>\n<meta property=\"og:title\" content=\"Ayd\u0131nlatma metni - Kybelewellbeing App\" \/>\n<meta property=\"og:description\" content=\"K\u0130\u015e\u0130SEL VER\u0130LER\u0130N \u0130\u015eLENMES\u0130NE \u0130L\u0130\u015eK\u0130N AYDINLATMA METN\u0130 \u00a0\u015eirket Unvan\u0131: Kybele Wellbeing Academy Ko\u00e7luk ve Kozmetik Sat\u0131\u015f Limited \u015eirketiVergi Numaras\u0131: 6070810538 \/ [&hellip;]\" \/>\n<meta property=\"og:url\" content=\"https:\/\/kybelewellbeing.com\/en\/aydinlatma-metni\/\" \/>\n<meta property=\"og:site_name\" content=\"Kybelewellbeing App\" \/>\n<meta property=\"article:modified_time\" content=\"2025-07-10T12:29:25+00:00\" \/>\n<meta name=\"twitter:card\" content=\"summary_large_image\" \/>\n<meta name=\"twitter:label1\" content=\"Est. reading time\" \/>\n\t<meta name=\"twitter:data1\" content=\"3 minutes\" \/>\n<script type=\"application\/ld+json\" class=\"yoast-schema-graph\">{\"@context\":\"https:\\\/\\\/schema.org\",\"@graph\":[{\"@type\":\"WebPage\",\"@id\":\"https:\\\/\\\/kybelewellbeing.com\\\/aydinlatma-metni\\\/\",\"url\":\"https:\\\/\\\/kybelewellbeing.com\\\/aydinlatma-metni\\\/\",\"name\":\"Ayd\u0131nlatma metni - Kybelewellbeing App\",\"isPartOf\":{\"@id\":\"https:\\\/\\\/kybelewellbeing.com\\\/#website\"},\"datePublished\":\"2025-07-10T12:29:24+00:00\",\"dateModified\":\"2025-07-10T12:29:25+00:00\",\"breadcrumb\":{\"@id\":\"https:\\\/\\\/kybelewellbeing.com\\\/aydinlatma-metni\\\/#breadcrumb\"},\"inLanguage\":\"en-US\",\"potentialAction\":[{\"@type\":\"ReadAction\",\"target\":[\"https:\\\/\\\/kybelewellbeing.com\\\/aydinlatma-metni\\\/\"]}]},{\"@type\":\"BreadcrumbList\",\"@id\":\"https:\\\/\\\/kybelewellbeing.com\\\/aydinlatma-metni\\\/#breadcrumb\",\"itemListElement\":[{\"@type\":\"ListItem\",\"position\":1,\"name\":\"Home\",\"item\":\"https:\\\/\\\/kybelewellbeing.com\\\/\"},{\"@type\":\"ListItem\",\"position\":2,\"name\":\"Ayd\u0131nlatma metni\"}]},{\"@type\":\"WebSite\",\"@id\":\"https:\\\/\\\/kybelewellbeing.com\\\/#website\",\"url\":\"https:\\\/\\\/kybelewellbeing.com\\\/\",\"name\":\"Kybelewellbeing App\",\"description\":\"\",\"potentialAction\":[{\"@type\":\"SearchAction\",\"target\":{\"@type\":\"EntryPoint\",\"urlTemplate\":\"https:\\\/\\\/kybelewellbeing.com\\\/?s={search_term_string}\"},\"query-input\":{\"@type\":\"PropertyValueSpecification\",\"valueRequired\":true,\"valueName\":\"search_term_string\"}}],\"inLanguage\":\"en-US\"}]}<\/script>\n<!-- \/ Yoast SEO plugin. -->","yoast_head_json":{"title":"Ayd\u0131nlatma metni - Kybelewellbeing App","robots":{"index":"index","follow":"follow","max-snippet":"max-snippet:-1","max-image-preview":"max-image-preview:large","max-video-preview":"max-video-preview:-1"},"canonical":"https:\/\/kybelewellbeing.com\/en\/aydinlatma-metni\/","og_locale":"en_US","og_type":"article","og_title":"Ayd\u0131nlatma metni - Kybelewellbeing App","og_description":"K\u0130\u015e\u0130SEL VER\u0130LER\u0130N \u0130\u015eLENMES\u0130NE \u0130L\u0130\u015eK\u0130N AYDINLATMA METN\u0130 \u00a0\u015eirket Unvan\u0131: Kybele Wellbeing Academy Ko\u00e7luk ve Kozmetik Sat\u0131\u015f Limited \u015eirketiVergi Numaras\u0131: 6070810538 \/ [&hellip;]","og_url":"https:\/\/kybelewellbeing.com\/en\/aydinlatma-metni\/","og_site_name":"Kybelewellbeing App","article_modified_time":"2025-07-10T12:29:25+00:00","twitter_card":"summary_large_image","twitter_misc":{"Est. reading time":"3 minutes"},"schema":{"@context":"https:\/\/schema.org","@graph":[{"@type":"WebPage","@id":"https:\/\/kybelewellbeing.com\/aydinlatma-metni\/","url":"https:\/\/kybelewellbeing.com\/aydinlatma-metni\/","name":"Ayd\u0131nlatma metni - Kybelewellbeing App","isPartOf":{"@id":"https:\/\/kybelewellbeing.com\/#website"},"datePublished":"2025-07-10T12:29:24+00:00","dateModified":"2025-07-10T12:29:25+00:00","breadcrumb":{"@id":"https:\/\/kybelewellbeing.com\/aydinlatma-metni\/#breadcrumb"},"inLanguage":"en-US","potentialAction":[{"@type":"ReadAction","target":["https:\/\/kybelewellbeing.com\/aydinlatma-metni\/"]}]},{"@type":"BreadcrumbList","@id":"https:\/\/kybelewellbeing.com\/aydinlatma-metni\/#breadcrumb","itemListElement":[{"@type":"ListItem","position":1,"name":"Home","item":"https:\/\/kybelewellbeing.com\/"},{"@type":"ListItem","position":2,"name":"Ayd\u0131nlatma metni"}]},{"@type":"WebSite","@id":"https:\/\/kybelewellbeing.com\/#website","url":"https:\/\/kybelewellbeing.com\/","name":"Kybelewellbeing App","description":"","potentialAction":[{"@type":"SearchAction","target":{"@type":"EntryPoint","urlTemplate":"https:\/\/kybelewellbeing.com\/?s={search_term_string}"},"query-input":{"@type":"PropertyValueSpecification","valueRequired":true,"valueName":"search_term_string"}}],"inLanguage":"en-US"}]}},"uagb_featured_image_src":{"full":false,"thumbnail":false,"medium":false,"medium_large":false,"large":false,"1536x1536":false,"2048x2048":false,"trp-custom-language-flag":false},"uagb_author_info":{"display_name":"kybelewellbeingmobilapp","author_link":"https:\/\/kybelewellbeing.com\/en\/author\/kybelewellbeingmobilapp\/"},"uagb_comment_info":0,"uagb_excerpt":"K\u0130\u015e\u0130SEL VER\u0130LER\u0130N \u0130\u015eLENMES\u0130NE \u0130L\u0130\u015eK\u0130N AYDINLATMA METN\u0130 \u00a0\u015eirket Unvan\u0131: Kybele Wellbeing Academy Ko\u00e7luk ve Kozmetik Sat\u0131\u015f Limited \u015eirketiVergi Numaras\u0131: 6070810538 \/ [&hellip;]","_links":{"self":[{"href":"https:\/\/kybelewellbeing.com\/en\/wp-json\/wp\/v2\/pages\/2625","targetHints":{"allow":["GET"]}}],"collection":[{"href":"https:\/\/kybelewellbeing.com\/en\/wp-json\/wp\/v2\/pages"}],"about":[{"href":"https:\/\/kybelewellbeing.com\/en\/wp-json\/wp\/v2\/types\/page"}],"author":[{"embeddable":true,"href":"https:\/\/kybelewellbeing.com\/en\/wp-json\/wp\/v2\/users\/1"}],"replies":[{"embeddable":true,"href":"https:\/\/kybelewellbeing.com\/en\/wp-json\/wp\/v2\/comments?post=2625"}],"version-history":[{"count":1,"href":"https:\/\/kybelewellbeing.com\/en\/wp-json\/wp\/v2\/pages\/2625\/revisions"}],"predecessor-version":[{"id":2626,"href":"https:\/\/kybelewellbeing.com\/en\/wp-json\/wp\/v2\/pages\/2625\/revisions\/2626"}],"wp:attachment":[{"href":"https:\/\/kybelewellbeing.com\/en\/wp-json\/wp\/v2\/media?parent=2625"}],"curies":[{"name":"wp","href":"https:\/\/api.w.org\/{rel}","templated":true}]}}